{"id":1267,"date":"2024-03-11T01:04:02","date_gmt":"2024-03-11T01:04:02","guid":{"rendered":"https:\/\/propars.net\/?page_id=1267"},"modified":"2024-04-08T07:12:24","modified_gmt":"2024-04-08T07:12:24","slug":"tesekkurler","status":"publish","type":"page","link":"https:\/\/propars.net\/tr\/tesekkurler\/","title":{"rendered":"te\u015fekk\u00fcrler"},"content":{"rendered":"<p>[et_pb_section admin_label=&#8221;section&#8221;]<br \/>\n\t\t\t[et_pb_row admin_label=&#8221;row&#8221;]<br \/>\n\t\t\t\t[et_pb_column type=&#8221;4_4&#8243;][et_pb_text admin_label=&#8221;Text&#8221;]<!-- divi:paragraph --><\/p>\n<p>Propars&#8217;a ba\u015fvurdu\u011funuz i\u00e7in te\u015fekk\u00fcr ederiz! Ba\u015fvurunuz ba\u015far\u0131yla al\u0131nm\u0131\u015ft\u0131r. En k\u0131sa zamanda e-ticaret uzmanlar\u0131m\u0131z sizinle ileti\u015fime ge\u00e7ecektir.<\/p>\n<p><!-- \/divi:paragraph -->[\/et_pb_text][\/et_pb_column]<br \/>\n\t\t\t[\/et_pb_row]<br \/>\n\t\t[\/et_pb_section]<\/p>\n","protected":false},"excerpt":{"rendered":"<p>Propars&#8217;a ba\u015fvurdu\u011funuz i\u00e7in te\u015fekk\u00fcr ederiz! Ba\u015fvurunuz ba\u015far\u0131yla al\u0131nm\u0131\u015ft\u0131r. En k\u0131sa zamanda e-ticaret uzmanlar\u0131m\u0131z sizinle ileti\u015fime ge\u00e7ecektir.<\/p>\n","protected":false},"author":1,"featured_media":0,"parent":0,"menu_order":0,"comment_status":"closed","ping_status":"closed","template":"","meta":{"_seopress_robots_primary_cat":"","_seopress_titles_title":"","_seopress_titles_desc":"","_seopress_robots_index":"yes","_et_pb_use_builder":"on","_et_pb_old_content":"<!-- wp:paragraph -->\n<p>Propars'a ba\u015fvurdu\u011funuz i\u00e7in te\u015fekk\u00fcr ederiz! Ba\u015fvurunuz ba\u015far\u0131yla al\u0131nm\u0131\u015ft\u0131r. En k\u0131sa zamanda e-ticaret uzmanlar\u0131m\u0131z sizinle ileti\u015fime ge\u00e7ecektir.<\/p>\n<!-- \/wp:paragraph -->","_et_gb_content_width":"","footnotes":""},"class_list":["post-1267","page","type-page","status-publish","hentry"],"_links":{"self":[{"href":"https:\/\/propars.net\/tr\/wp-json\/wp\/v2\/pages\/1267","targetHints":{"allow":["GET"]}}],"collection":[{"href":"https:\/\/propars.net\/tr\/wp-json\/wp\/v2\/pages"}],"about":[{"href":"https:\/\/propars.net\/tr\/wp-json\/wp\/v2\/types\/page"}],"author":[{"embeddable":true,"href":"https:\/\/propars.net\/tr\/wp-json\/wp\/v2\/users\/1"}],"replies":[{"embeddable":true,"href":"https:\/\/propars.net\/tr\/wp-json\/wp\/v2\/comments?post=1267"}],"version-history":[{"count":0,"href":"https:\/\/propars.net\/tr\/wp-json\/wp\/v2\/pages\/1267\/revisions"}],"wp:attachment":[{"href":"https:\/\/propars.net\/tr\/wp-json\/wp\/v2\/media?parent=1267"}],"curies":[{"name":"wp","href":"https:\/\/api.w.org\/{rel}","templated":true}]}}