{"id":148,"date":"2023-07-31T12:35:34","date_gmt":"2023-07-31T12:35:34","guid":{"rendered":"https:\/\/propars.wpenginepowered.com\/d\/?page_id=148"},"modified":"2026-03-01T00:13:25","modified_gmt":"2026-03-01T00:13:25","slug":"iletisim","status":"publish","type":"page","link":"https:\/\/propars.net\/tr\/iletisim\/","title":{"rendered":"\u0130leti\u015fim"},"content":{"rendered":"<p>[et_pb_section fb_built=&#8221;1&#8243; admin_label=&#8221;Header&#8221; _builder_version=&#8221;4.21.0&#8243; _module_preset=&#8221;default&#8221; background_color=&#8221;#FFFFFF&#8221; custom_padding=&#8221;5vw||||false|false&#8221; global_colors_info=&#8221;{}&#8221;][et_pb_row _builder_version=&#8221;4.16&#8243; _module_preset=&#8221;default&#8221; global_colors_info=&#8221;{}&#8221;][et_pb_column type=&#8221;4_4&#8243; _builder_version=&#8221;4.16&#8243; _module_preset=&#8221;default&#8221; global_colors_info=&#8221;{}&#8221;][et_pb_text _builder_version=&#8221;4.21.0&#8243; _module_preset=&#8221;e864d11f-3dab-4fa3-ac06-4f0e1a260807&#8243; header_font=&#8221;Lexend|600|||||||&#8221; header_text_color=&#8221;#080859&#8243; header_font_size=&#8221;80px&#8221; header_line_height=&#8221;1.2em&#8221; text_orientation=&#8221;center&#8221; header_font_size_tablet=&#8221;40px&#8221; header_font_size_phone=&#8221;24px&#8221; header_font_size_last_edited=&#8221;on|desktop&#8221; global_colors_info=&#8221;{}&#8221;]<\/p>\n<h1>Bize Ula\u015f\u0131n<\/h1>\n<p>[\/et_pb_text][\/et_pb_column][\/et_pb_row][et_pb_row column_structure=&#8221;3_5,2_5&#8243; make_equal=&#8221;on&#8221; _builder_version=&#8221;4.21.0&#8243; _module_preset=&#8221;default&#8221; max_width=&#8221;900px&#8221; global_colors_info=&#8221;{}&#8221;][et_pb_column type=&#8221;3_5&#8243; _builder_version=&#8221;4.21.0&#8243; _module_preset=&#8221;default&#8221; custom_padding=&#8221;30px|30px|30px|30px|true|true&#8221; custom_padding_tablet=&#8221;||45px||false|true&#8221; custom_padding_phone=&#8221;|20px|45px|20px|false|true&#8221; custom_padding_last_edited=&#8221;off|desktop&#8221; border_width_all=&#8221;2px&#8221; border_color_all=&#8221;#080859&#8243; global_colors_info=&#8221;{}&#8221;][et_pb_image src=&#8221;https:\/\/propars.net\/wp-content\/uploads\/2023\/08\/ucretsiz_demo.png&#8221; title_text=&#8221;ucretsiz_demo&#8221; _builder_version=&#8221;4.21.0&#8243; _module_preset=&#8221;default&#8221; use_background_color_gradient=&#8221;on&#8221; background_color_gradient_stops=&#8221;#fcf18a 0%|#ecfbf6 100%&#8221; background_color_gradient_start=&#8221;#f6671f&#8221; background_color_gradient_end=&#8221;#544fff&#8221; custom_margin=&#8221;-30px|-30px||-30px|false|true&#8221; global_colors_info=&#8221;{}&#8221;][\/et_pb_image][et_pb_text _builder_version=&#8221;4.21.0&#8243; _module_preset=&#8221;03ed4834-a81a-41ec-bfd6-98a6a9949751&#8243; text_font=&#8221;Archivo|700|||||||&#8221; text_text_color=&#8221;#FFFFFF&#8221; text_font_size=&#8221;52px&#8221; text_line_height=&#8221;1.3em&#8221; header_font=&#8221;Lexend||||||||&#8221; header_text_color=&#8221;#080859&#8243; header_3_font=&#8221;Lexend|700|||||||&#8221; header_3_font_size=&#8221;30px&#8221; header_3_line_height=&#8221;1.4em&#8221; custom_margin=&#8221;||8px||false|false&#8221; text_font_size_tablet=&#8221;30px&#8221; text_font_size_phone=&#8221;22px&#8221; text_font_size_last_edited=&#8221;on|desktop&#8221; header_3_font_size_tablet=&#8221;20px&#8221; header_3_font_size_phone=&#8221;16px&#8221; header_3_font_size_last_edited=&#8221;on|phone&#8221; global_colors_info=&#8221;{}&#8221;]<\/p>\n<h3>Propars&#8217;\u0131 \u00fccretsiz deneyin<\/h3>\n<p>[\/et_pb_text][et_pb_text _builder_version=&#8221;4.21.0&#8243; _module_preset=&#8221;41d5859c-fbaa-458a-88e4-5d886857f235&#8243; text_font=&#8221;Lexend|500|||||||&#8221; text_text_color=&#8221;#080859&#8243; text_font_size=&#8221;18px&#8221; text_line_height=&#8221;1.6em&#8221; text_font_size_tablet=&#8221;16px&#8221; text_font_size_phone=&#8221;14px&#8221; text_font_size_last_edited=&#8221;on|phone&#8221; locked=&#8221;off&#8221; global_colors_info=&#8221;{}&#8221;]<\/p>\n<p>Canl\u0131 demo talep etti\u011finizde m\u00fc\u015fteri temsilcimiz sizi arar ve bir rezervasyon olu\u015fturur. Belirlenen tarih\/saatte, Propars Panel ve di\u011fer Propars yeteneklerinin size canl\u0131 olarak sunuldu\u011fu bir online g\u00f6r\u00fc\u015fmede bulu\u015fursunuz. Kafan\u0131zdaki t\u00fcm sorular\u0131n cevaplar\u0131n\u0131 alabilir ve Propars&#8217;\u0131 kullanmaya hemen ba\u015flayabilirsiniz.<\/p>\n<p>[\/et_pb_text][et_pb_button button_url=&#8221;@ET-DC@eyJkeW5hbWljIjp0cnVlLCJjb250ZW50IjoicG9zdF9saW5rX3VybF9wYWdlIiwic2V0dGluZ3MiOnsicG9zdF9pZCI6IjIyNCJ9fQ==@&#8221; button_text=&#8221;\u00dcCRETS\u0130Z DEMO&#8221; button_alignment=&#8221;left&#8221; button_text_last_edited=&#8221;off|desktop&#8221; _builder_version=&#8221;4.21.0&#8243; _dynamic_attributes=&#8221;button_url&#8221; _module_preset=&#8221;_initial&#8221; button_border_radius=&#8221;2px&#8221; custom_margin=&#8221;24px||||false|false&#8221; custom_padding=&#8221;12px|28px|12px|28px|true|true&#8221; global_colors_info=&#8221;{}&#8221; button_border_radius__hover_enabled=&#8221;on|desktop&#8221; button_border_radius__hover=&#8221;2px&#8221;][\/et_pb_button][\/et_pb_column][et_pb_column type=&#8221;2_5&#8243; _builder_version=&#8221;4.21.0&#8243; _module_preset=&#8221;default&#8221; custom_padding=&#8221;30px|30px|30px|30px|true|true&#8221; border_width_all=&#8221;2px&#8221; border_color_all=&#8221;#080859&#8243; global_colors_info=&#8221;{}&#8221;][et_pb_image src=&#8221;https:\/\/propars.net\/wp-content\/uploads\/2023\/08\/biziarayin.png&#8221; title_text=&#8221;biziarayin&#8221; _builder_version=&#8221;4.21.0&#8243; _module_preset=&#8221;default&#8221; use_background_color_gradient=&#8221;on&#8221; background_color_gradient_stops=&#8221;#fcf18a 0%|#ecfbf6 99%&#8221; background_color_gradient_start=&#8221;#544fff&#8221; background_color_gradient_end=&#8221;#8300e9&#8243; custom_margin=&#8221;-30px|-30px||-30px|false|true&#8221; locked=&#8221;off&#8221; global_colors_info=&#8221;{}&#8221;][\/et_pb_image][et_pb_text _builder_version=&#8221;4.21.0&#8243; _module_preset=&#8221;03ed4834-a81a-41ec-bfd6-98a6a9949751&#8243; text_font=&#8221;Archivo|700|||||||&#8221; text_text_color=&#8221;#FFFFFF&#8221; text_font_size=&#8221;52px&#8221; text_line_height=&#8221;1.3em&#8221; header_font=&#8221;Lexend||||||||&#8221; header_text_color=&#8221;#080859&#8243; header_3_font=&#8221;Lexend|700|||||||&#8221; header_3_font_size=&#8221;30px&#8221; header_3_line_height=&#8221;1.4em&#8221; custom_margin=&#8221;||8px||false|false&#8221; text_font_size_tablet=&#8221;30px&#8221; text_font_size_phone=&#8221;22px&#8221; text_font_size_last_edited=&#8221;on|desktop&#8221; header_3_font_size_tablet=&#8221;20px&#8221; header_3_font_size_phone=&#8221;16px&#8221; header_3_font_size_last_edited=&#8221;on|phone&#8221; global_colors_info=&#8221;{}&#8221;]<\/p>\n<h3>Bizi aray\u0131n<\/h3>\n<p>[\/et_pb_text][et_pb_text _builder_version=&#8221;4.21.0&#8243; _module_preset=&#8221;41d5859c-fbaa-458a-88e4-5d886857f235&#8243; text_font=&#8221;Lexend|500|||||||&#8221; text_text_color=&#8221;#080859&#8243; text_font_size=&#8221;18px&#8221; text_line_height=&#8221;1.6em&#8221; text_font_size_tablet=&#8221;16px&#8221; text_font_size_phone=&#8221;14px&#8221; text_font_size_last_edited=&#8221;on|phone&#8221; locked=&#8221;off&#8221; global_colors_info=&#8221;{}&#8221;]<\/p>\n<p>\u0130\u015f modelinizin e-ihracata uygulanabilirli\u011fi konusunda kafan\u0131za tak\u0131lan bir soru mu var? Butona t\u0131klay\u0131n, m\u00fc\u015fteri temsilcimize ba\u011flan\u0131n.\u00a0<\/p>\n<p>[\/et_pb_text][et_pb_text _builder_version=&#8221;4.21.0&#8243; _module_preset=&#8221;default&#8221; text_font_size=&#8221;12px&#8221; global_colors_info=&#8221;{}&#8221;]<\/p>\n<p>M\u00fc\u015fteri Hizmetlerimiz hafta i\u00e7i 09:00 &#8211; 18:00 aras\u0131 servis vermektedir.<\/p>\n<p>[\/et_pb_text][et_pb_button button_text=&#8221;Bizi aray\u0131n&#8221; button_alignment=&#8221;left&#8221; button_text_last_edited=&#8221;off|desktop&#8221; _builder_version=&#8221;4.21.0&#8243; _module_preset=&#8221;_initial&#8221; button_border_radius=&#8221;2px&#8221; button_use_icon=&#8221;on&#8221; button_icon=&#8221;&#xe090;||divi||400&#8243; button_icon_placement=&#8221;left&#8221; custom_margin=&#8221;24px||||false|false&#8221; custom_padding=&#8221;12px|28px|12px|44px|true|false&#8221; global_colors_info=&#8221;{}&#8221; button_border_radius__hover_enabled=&#8221;on|desktop&#8221; button_border_radius__hover=&#8221;2px&#8221;][\/et_pb_button][\/et_pb_column][\/et_pb_row][\/et_pb_section][et_pb_section fb_built=&#8221;1&#8243; admin_label=&#8221;Subscribe&#8221; _builder_version=&#8221;4.21.0&#8243; _module_preset=&#8221;default&#8221; background_color=&#8221;RGBA(255,255,255,0)&#8221; background_image=&#8221;https:\/\/propars.net\/wp-content\/uploads\/2023\/07\/home_contact_bg_art.png&#8221; background_size=&#8221;initial&#8221; background_position=&#8221;bottom_center&#8221; background_last_edited=&#8221;off|desktop&#8221; background_size_tablet=&#8221;contain&#8221; global_colors_info=&#8221;{}&#8221;][et_pb_row _builder_version=&#8221;4.21.0&#8243; _module_preset=&#8221;default&#8221; max_width=&#8221;800px&#8221; custom_padding=&#8221;||0px||false|false&#8221; global_colors_info=&#8221;{}&#8221;][et_pb_column type=&#8221;4_4&#8243; _builder_version=&#8221;4.21.0&#8243; _module_preset=&#8221;default&#8221; custom_padding=&#8221;||0px||false|false&#8221; global_colors_info=&#8221;{}&#8221;][et_pb_text _builder_version=&#8221;4.21.0&#8243; _module_preset=&#8221;534cc526-6274-4e31-9e1a-7f18a5947bf1&#8243; header_4_font=&#8221;Lexend|700||on|||||&#8221; header_4_text_color=&#8221;#B2ED62&#8243; header_4_font_size=&#8221;14px&#8221; header_4_letter_spacing=&#8221;2px&#8221; header_4_line_height=&#8221;1.5em&#8221; text_orientation=&#8221;center&#8221; custom_margin=&#8221;||0px||false|false&#8221; global_colors_info=&#8221;{}&#8221;]<\/p>\n<h4>\u00dcCRETS\u0130Z DENEY\u0130N<\/h4>\n<p>[\/et_pb_text][\/et_pb_column][\/et_pb_row][et_pb_row _builder_version=&#8221;4.21.0&#8243; _module_preset=&#8221;default&#8221; max_width=&#8221;800px&#8221; custom_margin=&#8221;-25px||||false|false&#8221; global_colors_info=&#8221;{}&#8221;][et_pb_column type=&#8221;4_4&#8243; _builder_version=&#8221;4.16&#8243; _module_preset=&#8221;default&#8221; global_colors_info=&#8221;{}&#8221;][et_pb_text _builder_version=&#8221;4.21.0&#8243; _module_preset=&#8221;df96b77a-cd4f-44a8-a771-2d6347592b53&#8243; text_font=&#8221;Lexend||||||||&#8221; header_2_font=&#8221;Lexend|600|||||||&#8221; header_2_text_color=&#8221;#080859&#8243; header_2_font_size=&#8221;50px&#8221; header_2_line_height=&#8221;1.35em&#8221; text_orientation=&#8221;center&#8221; custom_margin=&#8221;||8px||false|false&#8221; header_2_font_size_tablet=&#8221;32px&#8221; header_2_font_size_phone=&#8221;20px&#8221; header_2_font_size_last_edited=&#8221;on|desktop&#8221; global_colors_info=&#8221;{}&#8221;]<\/p>\n<h2>Bilgilerinizi b\u0131rak\u0131n, <br \/>biz sizi arayal\u0131m<\/h2>\n<p>[\/et_pb_text][et_pb_text _builder_version=&#8221;4.21.0&#8243; _module_preset=&#8221;41d5859c-fbaa-458a-88e4-5d886857f235&#8243; text_font=&#8221;Archivo|500|||||||&#8221; text_text_color=&#8221;#000000&#8243; text_font_size=&#8221;18px&#8221; text_line_height=&#8221;1.6em&#8221; link_font=&#8221;Lexend||||||||&#8221; link_text_color=&#8221;#080859&#8243; text_orientation=&#8221;center&#8221; text_font_size_tablet=&#8221;16px&#8221; text_font_size_phone=&#8221;14px&#8221; text_font_size_last_edited=&#8221;on|phone&#8221; global_colors_info=&#8221;{}&#8221;]<\/p>\n<p><a rel=\"canonical\" href=\"tel:+908505324461\">Bize Ula\u015f\u0131n: <span class=\"number\">0 850 532 44 61<\/span><\/a><\/p>\n<p>[\/et_pb_text][et_pb_contact_form captcha=&#8221;off&#8221; email=&#8221;jj9435qqb8jwxn9epv@trigger.zohoflow.com&#8221; custom_message=&#8221;Name %91 %%Name%% %93||et_pb_line_break_holder||Firma %91 %%Company%% %93||et_pb_line_break_holder||Email %91 %%Email%% %93||et_pb_line_break_holder||Tel_no %91 %%Tel_no%% %93||et_pb_line_break_holder||&#8221; use_redirect=&#8221;on&#8221; redirect_url=&#8221;https:\/\/propars.net\/tesekkurler\/&#8221; success_message=&#8221;Te\u015fekk\u00fcrler, size \u00e7ok yak\u0131nda ula\u015faca\u011f\u0131z.&#8221; submit_button_text=&#8221;G\u00f6nder&#8221; _builder_version=&#8221;4.24.2&#8243; _module_preset=&#8221;default&#8221; _unique_id=&#8221;6029a00a-5bcb-4b17-870f-ca094d8420ca&#8221; form_field_background_color=&#8221;#FFFFFF&#8221; form_field_text_color=&#8221;#5F5F69&#8243; form_field_focus_background_color=&#8221;#ECFBF6&#8243; form_field_focus_text_color=&#8221;#080859&#8243; form_field_font=&#8221;Lexend|500|||||||&#8221; form_field_text_align=&#8221;center&#8221; form_field_font_size=&#8221;16px&#8221; custom_button=&#8221;on&#8221; button_text_size=&#8221;16px&#8221; button_text_color=&#8221;#080859&#8243; button_bg_color=&#8221;#ECFBF6&#8243; button_border_width=&#8221;2px&#8221; button_border_color=&#8221;#080859&#8243; button_border_radius=&#8221;3px&#8221; button_font=&#8221;Lexend|700||on|||||&#8221; button_use_icon=&#8221;off&#8221; button_custom_margin=&#8221;0px||||false|false&#8221; button_custom_margin_tablet=&#8221;0px||||false|false&#8221; button_custom_margin_phone=&#8221;0px||||false|false&#8221; button_custom_margin_last_edited=&#8221;on|desktop&#8221; button_custom_padding=&#8221;10px|35px|10px|35px|true|false&#8221; max_width=&#8221;500px&#8221; module_alignment=&#8221;center&#8221; custom_margin=&#8221;0px||||false|false&#8221; custom_padding=&#8221;20px||||false|false&#8221; animation_style=&#8221;fade&#8221; border_width_all=&#8221;2px&#8221; border_color_all=&#8221;#080859&#8243; border_width_bottom=&#8221;2px&#8221; box_shadow_style_button=&#8221;preset4&#8243; box_shadow_horizontal_button=&#8221;5px&#8221; box_shadow_vertical_button=&#8221;5px&#8221; box_shadow_color_button=&#8221;#080859&#8243; global_colors_info=&#8221;{}&#8221; button_bg_color__hover_enabled=&#8221;on|hover&#8221; button_bg_color__hover=&#8221;#FCF18A&#8221; button_bg_enable_color__hover=&#8221;on&#8221;][et_pb_contact_field field_id=&#8221;Name&#8221; field_title=&#8221;Ad &#8211; Soyad&#8221; min_length=&#8221;1&#8243; max_length=&#8221;25&#8243; allowed_symbols=&#8221;letters&#8221; fullwidth_field=&#8221;on&#8221; _builder_version=&#8221;4.21.0&#8243; form_field_background_color=&#8221;#FFFFFF&#8221; form_field_text_color=&#8221;#5F5F69&#8243; form_field_focus_background_color=&#8221;#ECFBF6&#8243; form_field_focus_text_color=&#8221;#080859&#8243; form_field_font=&#8221;Lexend|500|||||||&#8221; global_colors_info=&#8221;{}&#8221; button_text_size__hover_enabled=&#8221;off&#8221; button_one_text_size__hover_enabled=&#8221;off&#8221; button_two_text_size__hover_enabled=&#8221;off&#8221; button_text_color__hover_enabled=&#8221;off&#8221; button_one_text_color__hover_enabled=&#8221;off&#8221; button_two_text_color__hover_enabled=&#8221;off&#8221; button_border_width__hover_enabled=&#8221;off&#8221; button_one_border_width__hover_enabled=&#8221;off&#8221; button_two_border_width__hover_enabled=&#8221;off&#8221; button_border_color__hover_enabled=&#8221;off&#8221; button_one_border_color__hover_enabled=&#8221;off&#8221; button_two_border_color__hover_enabled=&#8221;off&#8221; button_border_radius__hover_enabled=&#8221;off&#8221; button_one_border_radius__hover_enabled=&#8221;off&#8221; button_two_border_radius__hover_enabled=&#8221;off&#8221; button_letter_spacing__hover_enabled=&#8221;off&#8221; button_one_letter_spacing__hover_enabled=&#8221;off&#8221; button_two_letter_spacing__hover_enabled=&#8221;off&#8221; button_bg_color__hover_enabled=&#8221;off&#8221; button_one_bg_color__hover_enabled=&#8221;off&#8221; button_two_bg_color__hover_enabled=&#8221;off&#8221;][\/et_pb_contact_field][et_pb_contact_field field_id=&#8221;Company&#8221; field_title=&#8221;Firma ismi&#8221; min_length=&#8221;1&#8243; max_length=&#8221;25&#8243; fullwidth_field=&#8221;on&#8221; _builder_version=&#8221;4.21.0&#8243; form_field_background_color=&#8221;#FFFFFF&#8221; form_field_text_color=&#8221;#5F5F69&#8243; form_field_focus_background_color=&#8221;#ECFBF6&#8243; form_field_focus_text_color=&#8221;#080859&#8243; form_field_font=&#8221;Lexend|500|||||||&#8221; global_colors_info=&#8221;{}&#8221; button_text_size__hover_enabled=&#8221;off&#8221; button_one_text_size__hover_enabled=&#8221;off&#8221; button_two_text_size__hover_enabled=&#8221;off&#8221; button_text_color__hover_enabled=&#8221;off&#8221; button_one_text_color__hover_enabled=&#8221;off&#8221; button_two_text_color__hover_enabled=&#8221;off&#8221; button_border_width__hover_enabled=&#8221;off&#8221; button_one_border_width__hover_enabled=&#8221;off&#8221; button_two_border_width__hover_enabled=&#8221;off&#8221; button_border_color__hover_enabled=&#8221;off&#8221; button_one_border_color__hover_enabled=&#8221;off&#8221; button_two_border_color__hover_enabled=&#8221;off&#8221; button_border_radius__hover_enabled=&#8221;off&#8221; button_one_border_radius__hover_enabled=&#8221;off&#8221; button_two_border_radius__hover_enabled=&#8221;off&#8221; button_letter_spacing__hover_enabled=&#8221;off&#8221; button_one_letter_spacing__hover_enabled=&#8221;off&#8221; button_two_letter_spacing__hover_enabled=&#8221;off&#8221; button_bg_color__hover_enabled=&#8221;off&#8221; button_one_bg_color__hover_enabled=&#8221;off&#8221; button_two_bg_color__hover_enabled=&#8221;off&#8221;][\/et_pb_contact_field][et_pb_contact_field field_id=&#8221;Email&#8221; field_title=&#8221;E-posta adresi&#8221; field_type=&#8221;email&#8221; fullwidth_field=&#8221;on&#8221; _builder_version=&#8221;4.21.0&#8243; form_field_background_color=&#8221;#FFFFFF&#8221; form_field_text_color=&#8221;#5F5F69&#8243; form_field_focus_background_color=&#8221;#ECFBF6&#8243; form_field_focus_text_color=&#8221;#080859&#8243; form_field_font=&#8221;Lexend|500|||||||&#8221; global_colors_info=&#8221;{}&#8221; button_text_size__hover_enabled=&#8221;off&#8221; button_one_text_size__hover_enabled=&#8221;off&#8221; button_two_text_size__hover_enabled=&#8221;off&#8221; button_text_color__hover_enabled=&#8221;off&#8221; button_one_text_color__hover_enabled=&#8221;off&#8221; button_two_text_color__hover_enabled=&#8221;off&#8221; button_border_width__hover_enabled=&#8221;off&#8221; button_one_border_width__hover_enabled=&#8221;off&#8221; button_two_border_width__hover_enabled=&#8221;off&#8221; button_border_color__hover_enabled=&#8221;off&#8221; button_one_border_color__hover_enabled=&#8221;off&#8221; button_two_border_color__hover_enabled=&#8221;off&#8221; button_border_radius__hover_enabled=&#8221;off&#8221; button_one_border_radius__hover_enabled=&#8221;off&#8221; button_two_border_radius__hover_enabled=&#8221;off&#8221; button_letter_spacing__hover_enabled=&#8221;off&#8221; button_one_letter_spacing__hover_enabled=&#8221;off&#8221; button_two_letter_spacing__hover_enabled=&#8221;off&#8221; button_bg_color__hover_enabled=&#8221;off&#8221; button_one_bg_color__hover_enabled=&#8221;off&#8221; button_two_bg_color__hover_enabled=&#8221;off&#8221; form_field_background_color__hover_enabled=&#8221;off|desktop&#8221;][\/et_pb_contact_field][et_pb_contact_field field_id=&#8221;Tel_no&#8221; field_title=&#8221;Telefon numaras\u0131&#8221; min_length=&#8221;10&#8243; max_length=&#8221;11&#8243; allowed_symbols=&#8221;numbers&#8221; fullwidth_field=&#8221;on&#8221; _builder_version=&#8221;4.23.1&#8243; form_field_background_color=&#8221;#FFFFFF&#8221; form_field_text_color=&#8221;#5F5F69&#8243; form_field_focus_background_color=&#8221;#ECFBF6&#8243; form_field_focus_text_color=&#8221;#080859&#8243; form_field_font=&#8221;Lexend|500|||||||&#8221; custom_margin=&#8221;||70px||false|false&#8221; custom_padding=&#8221;||0px||false|false&#8221; global_colors_info=&#8221;{}&#8221; button_text_size__hover_enabled=&#8221;off&#8221; button_one_text_size__hover_enabled=&#8221;off&#8221; button_two_text_size__hover_enabled=&#8221;off&#8221; button_text_color__hover_enabled=&#8221;off&#8221; button_one_text_color__hover_enabled=&#8221;off&#8221; button_two_text_color__hover_enabled=&#8221;off&#8221; button_border_width__hover_enabled=&#8221;off&#8221; button_one_border_width__hover_enabled=&#8221;off&#8221; button_two_border_width__hover_enabled=&#8221;off&#8221; button_border_color__hover_enabled=&#8221;off&#8221; button_one_border_color__hover_enabled=&#8221;off&#8221; button_two_border_color__hover_enabled=&#8221;off&#8221; button_border_radius__hover_enabled=&#8221;off&#8221; button_one_border_radius__hover_enabled=&#8221;off&#8221; button_two_border_radius__hover_enabled=&#8221;off&#8221; button_letter_spacing__hover_enabled=&#8221;off&#8221; button_one_letter_spacing__hover_enabled=&#8221;off&#8221; button_two_letter_spacing__hover_enabled=&#8221;off&#8221; button_bg_color__hover_enabled=&#8221;off&#8221; button_one_bg_color__hover_enabled=&#8221;off&#8221; button_two_bg_color__hover_enabled=&#8221;off&#8221;][\/et_pb_contact_field][\/et_pb_contact_form][\/et_pb_column][\/et_pb_row][\/et_pb_section][et_pb_section fb_built=&#8221;1&#8243; _builder_version=&#8221;4.21.0&#8243; _module_preset=&#8221;default&#8221; global_colors_info=&#8221;{}&#8221;][et_pb_row _builder_version=&#8221;4.21.0&#8243; _module_preset=&#8221;default&#8221; global_colors_info=&#8221;{}&#8221;][et_pb_column type=&#8221;4_4&#8243; _builder_version=&#8221;4.21.0&#8243; _module_preset=&#8221;default&#8221; global_colors_info=&#8221;{}&#8221;][et_pb_text _builder_version=&#8221;4.21.0&#8243; _module_preset=&#8221;df96b77a-cd4f-44a8-a771-2d6347592b53&#8243; text_font=&#8221;Lexend||||||||&#8221; header_2_font=&#8221;Lexend|600|||||||&#8221; header_2_text_color=&#8221;#080859&#8243; header_2_font_size=&#8221;50px&#8221; header_2_line_height=&#8221;1.35em&#8221; text_orientation=&#8221;center&#8221; custom_margin=&#8221;||30px||false|false&#8221; header_2_font_size_tablet=&#8221;32px&#8221; header_2_font_size_phone=&#8221;20px&#8221; header_2_font_size_last_edited=&#8221;on|desktop&#8221; global_colors_info=&#8221;{}&#8221;]<\/p>\n<h2>Ofislerimiz<\/h2>\n<p>[\/et_pb_text][et_pb_text _builder_version=&#8221;4.23.1&#8243; _module_preset=&#8221;41d5859c-fbaa-458a-88e4-5d886857f235&#8243; text_font=&#8221;Lexend|500|||||||&#8221; text_text_color=&#8221;#080859&#8243; text_font_size=&#8221;18px&#8221; text_line_height=&#8221;1.6em&#8221; link_font=&#8221;Lexend||||||||&#8221; link_text_color=&#8221;#080859&#8243; text_orientation=&#8221;center&#8221; custom_margin=&#8221;||40px||false|false&#8221; text_font_size_tablet=&#8221;16px&#8221; text_font_size_phone=&#8221;14px&#8221; text_font_size_last_edited=&#8221;on|phone&#8221; global_colors_info=&#8221;{}&#8221; custom_padding=&#8221;0px|||||&#8221;]<\/p>\n<p style=\"text-align: left;\"><span>T\u00fcrkiye: Bo\u011fazi\u00e7i \u00dcniversitesi Kandilli Teknokent No:24 \u00dcsk\u00fcdar &#8211; \u0130stanbul<br \/>\u00a0<a rel=\"canonical\" href=\"tel:+908505324461\"><span class=\"number\">0 850 532 44 61<\/span><\/a><br \/><\/span><\/p>\n<p style=\"text-align: left;\"><span><\/span><\/p>\n<p style=\"text-align: left;\"><span><\/span><\/p>\n<p style=\"text-align: left;\">USA: 465, 1007 N Orange St. 4th Floor , Wilmington, DE, New Castle, ABD, 19801<\/p>\n<p style=\"text-align: left;\">Phone: +<span class=\"_aupe copyable-text xkrh14z\">17182851154<\/span><\/p>\n<p style=\"text-align: left;\">Mail: bilgi@propars.net<\/p>\n<p>[\/et_pb_text][\/et_pb_column][\/et_pb_row][\/et_pb_section]<\/p>\n","protected":false},"excerpt":{"rendered":"<p>Bize Ula\u015f\u0131nPropars&#8217;\u0131 \u00fccretsiz deneyinCanl\u0131 demo talep etti\u011finizde m\u00fc\u015fteri temsilcimiz sizi arar ve bir rezervasyon olu\u015fturur. Belirlenen tarih\/saatte, Propars Panel ve di\u011fer Propars yeteneklerinin size canl\u0131 olarak sunuldu\u011fu bir online g\u00f6r\u00fc\u015fmede bulu\u015fursunuz. Kafan\u0131zdaki t\u00fcm sorular\u0131n cevaplar\u0131n\u0131 alabilir ve Propars&#8217;\u0131 kullanmaya hemen ba\u015flayabilirsiniz.Bizi aray\u0131n\u0130\u015f modelinizin e-ihracata uygulanabilirli\u011fi konusunda kafan\u0131za tak\u0131lan bir soru mu var? Butona t\u0131klay\u0131n, m\u00fc\u015fteri [&hellip;]<\/p>\n","protected":false},"author":1,"featured_media":903,"parent":0,"menu_order":0,"comment_status":"closed","ping_status":"closed","template":"","meta":{"_seopress_robots_primary_cat":"","_seopress_titles_title":"\u0130leti\u015fim | Propars","_seopress_titles_desc":"Propars ile ileti\u015fime ge\u00e7in ve e-ihracat ve e-ticaret konular\u0131nda uzman deste\u011fi al\u0131n. \u00dccretsiz demo, i\u015fbirli\u011fi talepleriniz ve sorular\u0131n\u0131z i\u00e7in bize ula\u015f\u0131n.","_seopress_robots_index":"","_et_pb_use_builder":"on","_et_pb_old_content":"","_et_gb_content_width":"","footnotes":""},"class_list":["post-148","page","type-page","status-publish","has-post-thumbnail","hentry"],"_links":{"self":[{"href":"https:\/\/propars.net\/tr\/wp-json\/wp\/v2\/pages\/148","targetHints":{"allow":["GET"]}}],"collection":[{"href":"https:\/\/propars.net\/tr\/wp-json\/wp\/v2\/pages"}],"about":[{"href":"https:\/\/propars.net\/tr\/wp-json\/wp\/v2\/types\/page"}],"author":[{"embeddable":true,"href":"https:\/\/propars.net\/tr\/wp-json\/wp\/v2\/users\/1"}],"replies":[{"embeddable":true,"href":"https:\/\/propars.net\/tr\/wp-json\/wp\/v2\/comments?post=148"}],"version-history":[{"count":1,"href":"https:\/\/propars.net\/tr\/wp-json\/wp\/v2\/pages\/148\/revisions"}],"predecessor-version":[{"id":395673,"href":"https:\/\/propars.net\/tr\/wp-json\/wp\/v2\/pages\/148\/revisions\/395673"}],"wp:featuredmedia":[{"embeddable":true,"href":"https:\/\/propars.net\/tr\/wp-json\/wp\/v2\/media\/903"}],"wp:attachment":[{"href":"https:\/\/propars.net\/tr\/wp-json\/wp\/v2\/media?parent=148"}],"curies":[{"name":"wp","href":"https:\/\/api.w.org\/{rel}","templated":true}]}}