{"id":394879,"date":"2024-04-04T13:58:44","date_gmt":"2024-04-04T13:58:44","guid":{"rendered":"https:\/\/propars.net\/propars-akademi-2\/"},"modified":"2026-02-28T23:30:05","modified_gmt":"2026-02-28T23:30:05","slug":"propars-akademi","status":"publish","type":"page","link":"https:\/\/propars.net\/tr\/propars-akademi\/","title":{"rendered":"PROPARS AKADEM\u0130"},"content":{"rendered":"<p>[et_pb_section fb_built=&#8221;1&#8243; custom_padding_last_edited=&#8221;on|phone&#8221; admin_label=&#8221;BHeader V14 &#8211; Barbra&#8221; module_id=&#8221;v14&#8243; _builder_version=&#8221;4.24.2&#8243; _module_preset=&#8221;default&#8221; background_color=&#8221;#080859&#8243; overflow-x=&#8221;hidden&#8221; overflow-y=&#8221;hidden&#8221; custom_padding=&#8221;150px||0px||false|false&#8221; custom_padding_tablet=&#8221;100px||||false|false&#8221; custom_padding_phone=&#8221;60px||||false|false&#8221; custom_css_before=&#8221;content: %22%22;|| display: block;|| background-color: #cbf63b;|| width: 833px;|| height: 833px;|| border-radius: 50%;|| position: absolute;|| left: -550px;|| top: -20px;|| opacity: 0.1;|| filter: blur(70px);&#8221; collapsed=&#8221;on&#8221; global_colors_info=&#8221;{}&#8221;][et_pb_row custom_padding_last_edited=&#8221;on|phone&#8221; admin_label=&#8221;BHeader V14 &#8211; Barbra &#8211; Row&#8221; _builder_version=&#8221;4.21.0&#8243; _module_preset=&#8221;default&#8221; width=&#8221;90%&#8221; max_width=&#8221;1170px&#8221; custom_padding_tablet=&#8221;&#8221; custom_padding_phone=&#8221;||30px||false|false&#8221; custom_css_before=&#8221;content: %22%22;|| display: block;|| background-color: #cbf63b;|| width: 321px;|| height: 321px;|| border-radius: 50%;|| position: absolute;|| right: 10px;|| top: 20px;|| opacity: 0.06;|| filter: blur(70px);&#8221; locked=&#8221;off&#8221; global_colors_info=&#8221;{}&#8221;][et_pb_column type=&#8221;4_4&#8243; _builder_version=&#8221;4.21.0&#8243; _module_preset=&#8221;default&#8221; global_colors_info=&#8221;{}&#8221;][et_pb_text admin_label=&#8221;BHeader V14 &#8211; Barbra &#8211; Text &#8211; Developing solutions tailored services for your success&#8221; _builder_version=&#8221;4.24.2&#8243; _module_preset=&#8221;default&#8221; text_font=&#8221;Lexend|300|||||||&#8221; text_text_color=&#8221;#FFFFFF&#8221; text_font_size=&#8221;67px&#8221; text_line_height=&#8221;120%&#8221; link_font=&#8221;Lora|500|||||||&#8221; link_text_color=&#8221;#FFFFFF&#8221; text_orientation=&#8221;center&#8221; max_width_tablet=&#8221;800px&#8221; max_width_phone=&#8221;420px&#8221; max_width_last_edited=&#8221;off|desktop&#8221; module_alignment=&#8221;center&#8221; custom_margin=&#8221;||||false|false&#8221; text_font_size_tablet=&#8221;46px&#8221; text_font_size_phone=&#8221;30px&#8221; text_font_size_last_edited=&#8221;on|tablet&#8221; custom_css_main_element=&#8221;pointer-events: none;&#8221; global_colors_info=&#8221;{}&#8221;]<\/p>\n<p><span>Propars Akademi&#8217;ye Ho\u015f Geldiniz: <br \/><strong>K\u00fcresel E-ticarette Uzmanla\u015fmaya A\u00e7\u0131lan Kap\u0131n\u0131z<\/strong><\/span><\/p>\n<p>[\/et_pb_text][\/et_pb_column][\/et_pb_row][et_pb_row admin_label=&#8221;BHeader V14 &#8211; Barbra &#8211; Row&#8221; _builder_version=&#8221;4.24.2&#8243; _module_preset=&#8221;default&#8221; width=&#8221;90%&#8221; max_width=&#8221;1170px&#8221; custom_margin=&#8221;50px||||false|false&#8221; custom_padding=&#8221;||0px||false|false&#8221; global_colors_info=&#8221;{}&#8221;][et_pb_column type=&#8221;4_4&#8243; _builder_version=&#8221;4.21.0&#8243; _module_preset=&#8221;default&#8221; global_colors_info=&#8221;{}&#8221;][et_pb_image src=&#8221;https:\/\/propars.net\/wp-content\/uploads\/2024\/04\/propars_academy_main_optmised.jpeg&#8221; alt=&#8221;propars_academy_main&#8221; title_text=&#8221;propars_academy_main_optmised&#8221; admin_label=&#8221;BHeader V14 &#8211; Barbra &#8211; Image &#8211; Image size:2000x1261px&#8221; _builder_version=&#8221;4.24.2&#8243; _module_preset=&#8221;default&#8221; border_radii=&#8221;off|2px|2px||&#8221; global_colors_info=&#8221;{}&#8221;][\/et_pb_image][\/et_pb_column][\/et_pb_row][\/et_pb_section][et_pb_section fb_built=&#8221;1&#8243; custom_padding_last_edited=&#8221;on|tablet&#8221; admin_label=&#8221;BContent V30 &#8211; Barbra&#8221; module_class=&#8221;barbra_content_30&#8243; _builder_version=&#8221;4.24.2&#8243; _module_preset=&#8221;default&#8221; custom_padding=&#8221;100px||100px||true|false&#8221; custom_padding_tablet=&#8221;100px||100px||true|false&#8221; custom_padding_phone=&#8221;60px||60px||true|false&#8221; custom_css_main_element=&#8221;  counter-reset: section;&#8221; locked=&#8221;off&#8221; collapsed=&#8221;on&#8221; global_colors_info=&#8221;{}&#8221;][et_pb_row column_structure=&#8221;1_2,1_2&#8243; use_custom_gutter=&#8221;on&#8221; custom_padding_last_edited=&#8221;on|phone&#8221; admin_label=&#8221;BContent V30 &#8211; Barbra &#8211; Row&#8221; _builder_version=&#8221;4.24.2&#8243; _module_preset=&#8221;default&#8221; width=&#8221;90%&#8221; max_width=&#8221;1170px&#8221; custom_padding=&#8221;60px||||false|false&#8221; custom_padding_tablet=&#8221;60px||||false|false&#8221; custom_padding_phone=&#8221;30px||||false|false&#8221; global_colors_info=&#8221;{}&#8221;][et_pb_column type=&#8221;1_2&#8243; _builder_version=&#8221;4.21.0&#8243; _module_preset=&#8221;default&#8221; global_colors_info=&#8221;{}&#8221;][et_pb_cta title=&#8221;Pazar Yerleri: Kapsaml\u0131 Bir K\u0131lavuz&#8221; button_text=&#8221;Click Here&#8221; admin_label=&#8221;BContent V30 &#8211; Barbra &#8211; CTA &#8211; Product strategy&#8221; _builder_version=&#8221;4.24.2&#8243; _module_preset=&#8221;default&#8221; header_font=&#8221;Lexend|700|||||||&#8221; header_text_color=&#8221;#080859&#8243; header_font_size=&#8221;24px&#8221; header_letter_spacing=&#8221;-0.5px&#8221; header_line_height=&#8221;120%&#8221; body_font=&#8221;Lexend|300|||||||&#8221; body_text_color=&#8221;#5F5F69&#8243; body_font_size=&#8221;16px&#8221; body_line_height=&#8221;170%&#8221; use_background_color=&#8221;off&#8221; text_orientation=&#8221;left&#8221; custom_css_promo_description=&#8221;padding: 0;&#8221; custom_css_promo_title=&#8221;padding-bottom: 15px&#8221; global_colors_info=&#8221;{}&#8221;]<\/p>\n<p>Amazon&#8217;un geni\u015f ekosisteminin n\u00fcanslar\u0131n\u0131 anlamaktan eBay&#8217;in a\u00e7\u0131k art\u0131rma ve sabit fiyatl\u0131 listelemelerinde ustala\u015fmaya, Etsy ma\u011fazan\u0131z\u0131n yarat\u0131c\u0131 potansiyelini optimize etmeye ve Walmart.com&#8217;un rekabet\u00e7i ortam\u0131nda gezinmeye kadar her platformun inceliklerine derinlemesine dal\u0131n. Propars Akademi, pazar yeri sat\u0131\u015f\u0131n\u0131n her y\u00f6n\u00fcn\u00fc ele alarak s\u00fcreci ayd\u0131nlatan ad\u0131m ad\u0131m k\u0131lavuzlar ve i\u015fletmenizi ileriye ta\u015f\u0131yacak stratejiler sunar.<\/p>\n<p>[\/et_pb_cta][\/et_pb_column][et_pb_column type=&#8221;1_2&#8243; _builder_version=&#8221;4.21.0&#8243; _module_preset=&#8221;default&#8221; global_colors_info=&#8221;{}&#8221;][et_pb_cta title=&#8221;Bir Propars Uzman\u0131 Olmak:&#8221; button_text=&#8221;Click Here&#8221; admin_label=&#8221;BContent V30 &#8211; Barbra &#8211; CTA &#8211; Product strategy&#8221; _builder_version=&#8221;4.24.2&#8243; _module_preset=&#8221;default&#8221; header_font=&#8221;Lexend|700|||||||&#8221; header_text_color=&#8221;#080859&#8243; header_font_size=&#8221;24px&#8221; header_letter_spacing=&#8221;-0.5px&#8221; header_line_height=&#8221;120%&#8221; body_font=&#8221;Lexend|300|||||||&#8221; body_text_color=&#8221;#5F5F69&#8243; body_font_size=&#8221;16px&#8221; body_line_height=&#8221;170%&#8221; use_background_color=&#8221;off&#8221; text_orientation=&#8221;left&#8221; custom_css_promo_description=&#8221;padding: 0;&#8221; custom_css_promo_title=&#8221;padding-bottom: 15px&#8221; global_colors_info=&#8221;{}&#8221;]<\/p>\n<p><span>Ayr\u0131ca Propars Akademi, Propars Panel&#8217;de uzmanla\u015fmak i\u00e7in ba\u015fvurabilece\u011finiz bir kaynakt\u0131r. Operasyonlar\u0131n\u0131z\u0131 kolayla\u015ft\u0131rmak, envanterinizi birden fazla platformda y\u00f6netmek ve k\u00fcresel sat\u0131\u015f stratejinizi geli\u015ftirmek i\u00e7in g\u00fc\u00e7l\u00fc e-ticaret y\u00f6netim arac\u0131m\u0131zdan nas\u0131l yararlanaca\u011f\u0131n\u0131z\u0131 \u00f6\u011frenin. \u0130ster Propars&#8217;ta yeni olun ister mevcut kurulumunuzu en \u00fcst d\u00fczeye \u00e7\u0131karmak isteyin, e\u011fitimlerimiz hizmetlerimizden en iyi \u015fekilde yararlanman\u0131z i\u00e7in paha bi\u00e7ilmez bilgiler sa\u011flar.  <\/span><\/p>\n<p>[\/et_pb_cta][\/et_pb_column][\/et_pb_row][\/et_pb_section][et_pb_section fb_built=&#8221;1&#8243; custom_padding_last_edited=&#8221;on|desktop&#8221; admin_label=&#8221;BContent V2 &#8211; Barbra&#8221; module_id=&#8221;v2&#8243; module_class=&#8221;barbra_content_2&#8243; _builder_version=&#8221;4.24.2&#8243; _module_preset=&#8221;default&#8221; background_color=&#8221;#080859&#8243; use_background_color_gradient=&#8221;on&#8221; background_color_gradient_stops=&#8221;#ffffff 6%|rgba(175,179,190,0.1) 6%&#8221; custom_padding=&#8221;0px||150px||false|false&#8221; custom_padding_tablet=&#8221;||100px||false|false&#8221; custom_padding_phone=&#8221;||60px||false|false&#8221; collapsed=&#8221;on&#8221; global_colors_info=&#8221;{}&#8221;][et_pb_row admin_label=&#8221;BContent V2 &#8211; Barbra &#8211; Row&#8221; _builder_version=&#8221;4.21.0&#8243; _module_preset=&#8221;default&#8221; width=&#8221;90%&#8221; max_width=&#8221;1170px&#8221; custom_padding=&#8221;0px||0px||false|false&#8221; global_colors_info=&#8221;{}&#8221;][et_pb_column type=&#8221;4_4&#8243; _builder_version=&#8221;4.21.0&#8243; _module_preset=&#8221;default&#8221; global_colors_info=&#8221;{}&#8221;][et_pb_image src=&#8221;https:\/\/propars.net\/wp-content\/uploads\/2024\/04\/BC1.webp&#8221; title_text=&#8221;BC1&#8243; admin_label=&#8221;BContent V2 &#8211; Barbra &#8211; Image &#8211; Image size:1500x807px&#8221; _builder_version=&#8221;4.24.2&#8243; _module_preset=&#8221;default&#8221; border_radii=&#8221;on|2px|2px|2px|2px&#8221; global_colors_info=&#8221;{}&#8221;][\/et_pb_image][\/et_pb_column][\/et_pb_row][et_pb_row column_structure=&#8221;1_2,1_2&#8243; custom_padding_last_edited=&#8221;on|phone&#8221; admin_label=&#8221;BContent V2 &#8211; Barbra &#8211; Row&#8221; _builder_version=&#8221;4.21.0&#8243; _module_preset=&#8221;default&#8221; width_tablet=&#8221;85%&#8221; width_phone=&#8221;90%&#8221; width_last_edited=&#8221;on|tablet&#8221; max_width=&#8221;1070px&#8221; custom_padding=&#8221;60px||||false|false&#8221; custom_padding_tablet=&#8221;60px||||false|false&#8221; custom_padding_phone=&#8221;40px||||false|false&#8221; custom_css_main_element=&#8221;  display: flex;&#8221; global_colors_info=&#8221;{}&#8221; custom_css_main_element_last_edited=&#8221;on|phone&#8221; custom_css_main_element_phone=&#8221;  display: block;&#8221; custom_css_main_element_tablet=&#8221;  display: flex;&#8221;][et_pb_column type=&#8221;1_2&#8243; _builder_version=&#8221;4.21.0&#8243; _module_preset=&#8221;default&#8221; custom_padding=&#8221;||60px||false|false&#8221; custom_padding_tablet=&#8221;||60px||false|false&#8221; custom_padding_phone=&#8221;||40px||false|false&#8221; custom_padding_last_edited=&#8221;on|phone&#8221; global_colors_info=&#8221;{}&#8221; custom_css_main_element_last_edited=&#8221;on|tablet&#8221; custom_css_main_element_tablet=&#8221;  margin-right: 2%;|| margin-bottom: 0;&#8221; custom_css_main_element_phone=&#8221;  margin-right: 2%;|| margin-bottom: 0;&#8221;][et_pb_text admin_label=&#8221;BContent V2 &#8211; Barbra &#8211; Text &#8211; In a world of technology, people make the difference&#8221; _builder_version=&#8221;4.24.2&#8243; _module_preset=&#8221;default&#8221; text_font=&#8221;Lexend|700|||||||&#8221; text_text_color=&#8221;#FFFFFF&#8221; text_font_size=&#8221;36px&#8221; text_letter_spacing=&#8221;-0.5px&#8221; text_line_height=&#8221;130%&#8221; text_font_size_tablet=&#8221;30px&#8221; text_font_size_phone=&#8221;24px&#8221; text_font_size_last_edited=&#8221;on|tablet&#8221; global_colors_info=&#8221;{}&#8221;]<\/p>\n<p><span>S\u0131n\u0131r \u00f6tesi sat\u0131\u015f\u0131n karma\u015f\u0131kl\u0131\u011f\u0131 i\u00e7inde g\u00fcvenle gezinin.<\/span><\/p>\n<p>[\/et_pb_text][\/et_pb_column][et_pb_column type=&#8221;1_2&#8243; _builder_version=&#8221;4.21.0&#8243; _module_preset=&#8221;default&#8221; global_colors_info=&#8221;{}&#8221;][et_pb_blurb title=&#8221;Bize kat\u0131l\u0131n  &#8221; image=&#8221;https:\/\/propars.net\/wp-content\/uploads\/2024\/04\/BC7.webp&#8221; content_max_width=&#8221;100%&#8221; admin_label=&#8221;BContent V2 &#8211; Barbra &#8211; Blurb &#8211; Image size:1200x821px&#8221; _builder_version=&#8221;4.24.2&#8243; _module_preset=&#8221;default&#8221; header_font=&#8221;Inter|700|||||||&#8221; header_text_color=&#8221;#000000&#8243; header_font_size=&#8221;26px&#8221; header_line_height=&#8221;120%&#8221; body_font=&#8221;Lexend|300|||||||&#8221; body_text_color=&#8221;#5F5F69&#8243; body_font_size=&#8221;16px&#8221; body_letter_spacing=&#8221;-0.5px&#8221; body_line_height=&#8221;170%&#8221; background_color=&#8221;#FFFFFF&#8221; positioning=&#8221;absolute&#8221; position_origin_a=&#8221;bottom_center&#8221; position_origin_a_tablet=&#8221;bottom_center&#8221; position_origin_a_phone=&#8221;bottom_center&#8221; position_origin_a_last_edited=&#8221;on|phone&#8221; position_origin_f_tablet=&#8221;&#8221; position_origin_f_phone=&#8221;&#8221; position_origin_f_last_edited=&#8221;on|phone&#8221; position_origin_r_tablet=&#8221;&#8221; position_origin_r_phone=&#8221;&#8221; position_origin_r_last_edited=&#8221;on|phone&#8221; width=&#8221;100%&#8221; max_width=&#8221;398px&#8221; max_width_tablet=&#8221;398px&#8221; max_width_phone=&#8221;100%&#8221; max_width_last_edited=&#8221;on|phone&#8221; custom_margin=&#8221;||||false|false&#8221; custom_padding=&#8221;40px|40px|40px|40px|true|true&#8221; custom_padding_tablet=&#8221;30px|30px|30px|30px|true|true&#8221; custom_padding_phone=&#8221;30px|30px|30px|30px|true|true&#8221; custom_padding_last_edited=&#8221;on|tablet&#8221; animation=&#8221;off&#8221; header_font_size_tablet=&#8221;22px&#8221; header_font_size_phone=&#8221;22px&#8221; header_font_size_last_edited=&#8221;on|tablet&#8221; positioning_tablet=&#8221;absolute&#8221; positioning_phone=&#8221;relative&#8221; positioning_last_edited=&#8221;on|phone&#8221; custom_css_blurb_content=&#8221;font-weight: 400;&#8221; border_radii=&#8221;on|2px|2px|2px|2px&#8221; border_radii_image=&#8221;on|2px|2px|2px|2px&#8221; box_shadow_style=&#8221;preset1&#8243; box_shadow_color=&#8221;rgba(0,0,0,0.1)&#8221; global_colors_info=&#8221;{}&#8221;]<\/p>\n<p><span>E-ticaret giri\u015fiminizi k\u00fcresel bir ba\u015far\u0131 hikayesine d\u00f6n\u00fc\u015ft\u00fcrmek i\u00e7in Propars Akademi&#8217;de bize kat\u0131l\u0131n. Uzman rehberli\u011fimizle, s\u0131n\u0131r \u00f6tesi sat\u0131\u015f\u0131n karma\u015f\u0131kl\u0131klar\u0131n\u0131 g\u00fcvenle a\u015facak ve zorluklar\u0131 f\u0131rsatlara d\u00f6n\u00fc\u015ft\u00fcreceksiniz. \u015eimdi ke\u015ffetmeye ba\u015flay\u0131n ve uluslararas\u0131 e-ticaret toplulu\u011funda lider bir sat\u0131c\u0131 olma yolunda ilk ad\u0131m\u0131 at\u0131n.<\/span><\/p>\n<p>[\/et_pb_blurb][\/et_pb_column][\/et_pb_row][\/et_pb_section][et_pb_section fb_built=&#8221;1&#8243; custom_padding_last_edited=&#8221;on|desktop&#8221; admin_label=&#8221;BPerson V4 &#8211; Barbra&#8221; module_id=&#8221;v4&#8243; module_class=&#8221;barbra_person_4&#8243; _builder_version=&#8221;4.24.2&#8243; _module_preset=&#8221;default&#8221; custom_padding=&#8221;0px||0px||false|false&#8221; custom_padding_tablet=&#8221;||100px||false|false&#8221; custom_padding_phone=&#8221;||60px||false|false&#8221; collapsed=&#8221;on&#8221; global_colors_info=&#8221;{}&#8221;][et_pb_row admin_label=&#8221;BBlog #2 &#8211; Barbra &#8211; Row&#8221; _builder_version=&#8221;4.24.2&#8243; _module_preset=&#8221;default&#8221; width=&#8221;90%&#8221; max_width=&#8221;1170px&#8221; custom_margin=&#8221;60px||||false|false&#8221; global_colors_info=&#8221;{}&#8221;][et_pb_column type=&#8221;4_4&#8243; _builder_version=&#8221;4.21.0&#8243; _module_preset=&#8221;default&#8221; global_colors_info=&#8221;{}&#8221;][et_pb_text admin_label=&#8221;BBlog #2 &#8211; Barbra &#8211; Text &#8211; Stay informed: Read our latest news and updates!&#8221; _builder_version=&#8221;4.24.2&#8243; _module_preset=&#8221;default&#8221; text_font=&#8221;Lexend|600|||||||&#8221; text_text_color=&#8221;#080859&#8243; text_font_size=&#8221;50px&#8221; text_letter_spacing=&#8221;-0.5px&#8221; text_line_height=&#8221;120%&#8221; header_font=&#8221;Lexend||||||||&#8221; header_text_color=&#8221;#080859&#8243; text_orientation=&#8221;center&#8221; max_width=&#8221;800px&#8221; max_width_tablet=&#8221;490px&#8221; max_width_phone=&#8221;390px&#8221; max_width_last_edited=&#8221;on|tablet&#8221; module_alignment=&#8221;center&#8221; text_font_size_tablet=&#8221;30px&#8221; text_font_size_phone=&#8221;24px&#8221; text_font_size_last_edited=&#8221;on|tablet&#8221; global_colors_info=&#8221;{}&#8221;]<\/p>\n<p>Amazon&#8217;da Mastering<\/p>\n<p>[\/et_pb_text][\/et_pb_column][\/et_pb_row][et_pb_row column_structure=&#8221;1_2,1_2&#8243; _builder_version=&#8221;4.24.2&#8243; _module_preset=&#8221;default&#8221; custom_margin=&#8221;60px||||false|false&#8221; global_colors_info=&#8221;{}&#8221;][et_pb_column type=&#8221;1_2&#8243; _builder_version=&#8221;4.24.2&#8243; _module_preset=&#8221;default&#8221; global_colors_info=&#8221;{}&#8221;][et_pb_blog posts_number=&#8221;1&#8243; include_categories=&#8221;41&#8243; use_manual_excerpt=&#8221;off&#8221; show_author=&#8221;off&#8221; show_date=&#8221;off&#8221; show_categories=&#8221;off&#8221; show_excerpt=&#8221;off&#8221; show_pagination=&#8221;off&#8221; _builder_version=&#8221;4.24.2&#8243; _module_preset=&#8221;default&#8221; header_font=&#8221;Lexend|600|||||||&#8221; header_font_size=&#8221;40px&#8221; header_letter_spacing=&#8221;-0.5px&#8221; header_line_height=&#8221;1.2em&#8221; body_font=&#8221;Lexend|300|||||||&#8221; body_text_align=&#8221;left&#8221; global_colors_info=&#8221;{}&#8221;][\/et_pb_blog][\/et_pb_column][et_pb_column type=&#8221;1_2&#8243; _builder_version=&#8221;4.24.2&#8243; _module_preset=&#8221;default&#8221; global_colors_info=&#8221;{}&#8221;][et_pb_blog fullwidth=&#8221;off&#8221; posts_number=&#8221;3&#8243; include_categories=&#8221;41&#8243; show_thumbnail=&#8221;off&#8221; use_manual_excerpt=&#8221;off&#8221; show_more=&#8221;on&#8221; show_author=&#8221;off&#8221; show_date=&#8221;off&#8221; show_categories=&#8221;off&#8221; show_excerpt=&#8221;off&#8221; show_pagination=&#8221;off&#8221; offset_number=&#8221;1&#8243; _builder_version=&#8221;4.24.2&#8243; _module_preset=&#8221;default&#8221; header_font=&#8221;|600|||||||&#8221; header_font_size=&#8221;26px&#8221; header_letter_spacing=&#8221;-0.5px&#8221; header_line_height=&#8221;1.4em&#8221; read_more_font=&#8221;|||on|||||&#8221; read_more_text_color=&#8221;#B2ED62&#8243; read_more_font_size=&#8221;12px&#8221; width=&#8221;100%&#8221; border_radii=&#8221;on|2px|2px|2px|2px&#8221; border_color_all=&#8221;#BDBEC6&#8243; global_colors_info=&#8221;{}&#8221;][\/et_pb_blog][\/et_pb_column][\/et_pb_row][\/et_pb_section][et_pb_section fb_built=&#8221;1&#8243; custom_padding_last_edited=&#8221;on|desktop&#8221; admin_label=&#8221;BPerson V4 &#8211; Barbra&#8221; module_id=&#8221;v4&#8243; module_class=&#8221;barbra_person_4&#8243; _builder_version=&#8221;4.24.2&#8243; _module_preset=&#8221;default&#8221; custom_padding=&#8221;0px||0px||false|false&#8221; custom_padding_tablet=&#8221;||100px||false|false&#8221; custom_padding_phone=&#8221;||60px||false|false&#8221; collapsed=&#8221;on&#8221; global_colors_info=&#8221;{}&#8221;][et_pb_row admin_label=&#8221;BBlog #2 &#8211; Barbra &#8211; Row&#8221; _builder_version=&#8221;4.24.2&#8243; _module_preset=&#8221;default&#8221; width=&#8221;90%&#8221; max_width=&#8221;1170px&#8221; custom_margin=&#8221;60px||||false|false&#8221; global_colors_info=&#8221;{}&#8221;][et_pb_column type=&#8221;4_4&#8243; _builder_version=&#8221;4.21.0&#8243; _module_preset=&#8221;default&#8221; global_colors_info=&#8221;{}&#8221;][et_pb_text admin_label=&#8221;BBlog #2 &#8211; Barbra &#8211; Text &#8211; Stay informed: Read our latest news and updates!&#8221; _builder_version=&#8221;4.25.1&#8243; _module_preset=&#8221;default&#8221; text_font=&#8221;Lexend|600|||||||&#8221; text_text_color=&#8221;#080859&#8243; text_font_size=&#8221;50px&#8221; text_letter_spacing=&#8221;-0.5px&#8221; text_line_height=&#8221;120%&#8221; header_font=&#8221;Lexend||||||||&#8221; header_text_color=&#8221;#080859&#8243; text_orientation=&#8221;center&#8221; max_width=&#8221;800px&#8221; max_width_tablet=&#8221;490px&#8221; max_width_phone=&#8221;390px&#8221; max_width_last_edited=&#8221;on|tablet&#8221; module_alignment=&#8221;center&#8221; hover_enabled=&#8221;0&#8243; text_font_size_tablet=&#8221;30px&#8221; text_font_size_phone=&#8221;24px&#8221; text_font_size_last_edited=&#8221;on|tablet&#8221; global_colors_info=&#8221;{}&#8221; sticky_enabled=&#8221;0&#8243;]<\/p>\n<p>S\u0131n\u0131r \u00d6tesi E-Ticaret<\/p>\n<p>[\/et_pb_text][\/et_pb_column][\/et_pb_row][et_pb_row column_structure=&#8221;1_2,1_2&#8243; _builder_version=&#8221;4.24.2&#8243; _module_preset=&#8221;default&#8221; custom_margin=&#8221;60px||||false|false&#8221; global_colors_info=&#8221;{}&#8221;][et_pb_column type=&#8221;1_2&#8243; _builder_version=&#8221;4.24.2&#8243; _module_preset=&#8221;default&#8221; global_colors_info=&#8221;{}&#8221;][et_pb_blog posts_number=&#8221;1&#8243; include_categories=&#8221;50&#8243; use_manual_excerpt=&#8221;off&#8221; show_author=&#8221;off&#8221; show_date=&#8221;off&#8221; show_categories=&#8221;off&#8221; show_excerpt=&#8221;off&#8221; show_pagination=&#8221;off&#8221; _builder_version=&#8221;4.25.1&#8243; _module_preset=&#8221;default&#8221; header_font=&#8221;Lexend|600|||||||&#8221; header_font_size=&#8221;40px&#8221; header_letter_spacing=&#8221;-0.5px&#8221; header_line_height=&#8221;1.2em&#8221; body_font=&#8221;Lexend|300|||||||&#8221; body_text_align=&#8221;left&#8221; hover_enabled=&#8221;0&#8243; global_colors_info=&#8221;{}&#8221; sticky_enabled=&#8221;0&#8243;][\/et_pb_blog][\/et_pb_column][et_pb_column type=&#8221;1_2&#8243; _builder_version=&#8221;4.24.2&#8243; _module_preset=&#8221;default&#8221; global_colors_info=&#8221;{}&#8221;][et_pb_blog fullwidth=&#8221;off&#8221; posts_number=&#8221;3&#8243; include_categories=&#8221;50&#8243; show_thumbnail=&#8221;off&#8221; use_manual_excerpt=&#8221;off&#8221; show_more=&#8221;on&#8221; show_author=&#8221;off&#8221; show_date=&#8221;off&#8221; show_categories=&#8221;off&#8221; show_excerpt=&#8221;off&#8221; show_pagination=&#8221;off&#8221; offset_number=&#8221;1&#8243; _builder_version=&#8221;4.25.1&#8243; _module_preset=&#8221;default&#8221; header_font=&#8221;|600|||||||&#8221; header_font_size=&#8221;26px&#8221; header_letter_spacing=&#8221;-0.5px&#8221; header_line_height=&#8221;1.4em&#8221; read_more_font=&#8221;|||on|||||&#8221; read_more_text_color=&#8221;#B2ED62&#8243; read_more_font_size=&#8221;12px&#8221; width=&#8221;100%&#8221; hover_enabled=&#8221;0&#8243; border_radii=&#8221;on|2px|2px|2px|2px&#8221; border_color_all=&#8221;#BDBEC6&#8243; global_colors_info=&#8221;{}&#8221; sticky_enabled=&#8221;0&#8243;][\/et_pb_blog][\/et_pb_column][\/et_pb_row][\/et_pb_section]<\/p>\n","protected":false},"excerpt":{"rendered":"<p>Propars Akademi&#8217;ye Ho\u015f Geldiniz: K\u00fcresel E-ticarette Uzmanla\u015fmaya A\u00e7\u0131lan Kap\u0131n\u0131zAmazon&#8217;un geni\u015f ekosisteminin n\u00fcanslar\u0131n\u0131 anlamaktan eBay&#8217;in a\u00e7\u0131k art\u0131rma ve sabit fiyatl\u0131 listelemelerinde ustala\u015fmaya, Etsy ma\u011fazan\u0131z\u0131n yarat\u0131c\u0131 potansiyelini optimize etmeye ve Walmart.com&#8217;un rekabet\u00e7i ortam\u0131nda gezinmeye kadar her platformun inceliklerine derinlemesine dal\u0131n. Propars Akademi, pazar yeri sat\u0131\u015f\u0131n\u0131n her y\u00f6n\u00fcn\u00fc ele alarak s\u00fcreci ayd\u0131nlatan ad\u0131m ad\u0131m k\u0131lavuzlar ve i\u015fletmenizi ileriye [&hellip;]<\/p>\n","protected":false},"author":1,"featured_media":0,"parent":0,"menu_order":0,"comment_status":"closed","ping_status":"closed","template":"","meta":{"_seopress_robots_primary_cat":"","_seopress_titles_title":"","_seopress_titles_desc":"Propars Akademi, pazar yeri sat\u0131\u015f\u0131n\u0131n her y\u00f6n\u00fcn\u00fc ele alarak s\u00fcreci ayd\u0131nlatan ad\u0131m ad\u0131m k\u0131lavuzlar ve i\u015fletmenizi ileriye ta\u015f\u0131yacak stratejiler sunar.","_seopress_robots_index":"","_et_pb_use_builder":"on","_et_pb_old_content":"","_et_gb_content_width":"","footnotes":""},"class_list":["post-394879","page","type-page","status-publish","hentry"],"_links":{"self":[{"href":"https:\/\/propars.net\/tr\/wp-json\/wp\/v2\/pages\/394879","targetHints":{"allow":["GET"]}}],"collection":[{"href":"https:\/\/propars.net\/tr\/wp-json\/wp\/v2\/pages"}],"about":[{"href":"https:\/\/propars.net\/tr\/wp-json\/wp\/v2\/types\/page"}],"author":[{"embeddable":true,"href":"https:\/\/propars.net\/tr\/wp-json\/wp\/v2\/users\/1"}],"replies":[{"embeddable":true,"href":"https:\/\/propars.net\/tr\/wp-json\/wp\/v2\/comments?post=394879"}],"version-history":[{"count":1,"href":"https:\/\/propars.net\/tr\/wp-json\/wp\/v2\/pages\/394879\/revisions"}],"predecessor-version":[{"id":395431,"href":"https:\/\/propars.net\/tr\/wp-json\/wp\/v2\/pages\/394879\/revisions\/395431"}],"wp:attachment":[{"href":"https:\/\/propars.net\/tr\/wp-json\/wp\/v2\/media?parent=394879"}],"curies":[{"name":"wp","href":"https:\/\/api.w.org\/{rel}","templated":true}]}}